{"id":23,"date":"2015-04-09T19:30:04","date_gmt":"2015-04-09T19:30:04","guid":{"rendered":"http:\/\/themes.muffingroup.com\/be\/handyman\/?page_id=23"},"modified":"2025-03-18T21:30:57","modified_gmt":"2025-03-18T21:30:57","slug":"hevederzar-arak-es-referenciak","status":"publish","type":"page","link":"https:\/\/mabiszhevederzar.hu\/index.php\/hevederzar-arak-es-referenciak\/","title":{"rendered":"\u00c1rak \u00e9s Referenci\u00e1k"},"content":{"rendered":"","protected":false},"excerpt":{"rendered":"","protected":false},"author":1,"featured_media":0,"parent":0,"menu_order":0,"comment_status":"open","ping_status":"open","template":"","meta":[],"yoast_head":"<!-- This site is optimized with the Yoast SEO plugin v19.13 - https:\/\/yoast.com\/wordpress\/plugins\/seo\/ -->\n<title>Hevederz\u00e1r \u00c1rak \u00e9s Referenci\u00e1k - Mabisz Hevederz\u00e1r - Teljes k\u00f6r\u0171 le\u00edr\u00e1s<\/title>\n<meta name=\"description\" content=\"Hevederz\u00e1r \u00e1rak \u00e9s referenci\u00e1k, teljes k\u00f6r\u0171 le\u00edr\u00e1ssal, amit csak tudni kell a hevederz\u00e1rakr\u00f3l azt itt olvashatja. Mabisz min\u0151s\u00edtettet Biztibuk hevederz\u00e1r.\" \/>\n<meta name=\"robots\" content=\"index, follow, max-snippet:-1, max-image-preview:large, max-video-preview:-1\" \/>\n<link rel=\"canonical\" href=\"https:\/\/mabiszhevederzar.hu\/index.php\/hevederzar-arak-es-referenciak\/\" \/>\n<meta property=\"og:locale\" content=\"hu_HU\" \/>\n<meta property=\"og:type\" content=\"article\" \/>\n<meta property=\"og:title\" content=\"Hevederz\u00e1r \u00c1rak \u00e9s Referenci\u00e1k - Mabisz Hevederz\u00e1r - Teljes k\u00f6r\u0171 le\u00edr\u00e1s\" \/>\n<meta property=\"og:description\" content=\"Hevederz\u00e1r \u00e1rak \u00e9s referenci\u00e1k, teljes k\u00f6r\u0171 le\u00edr\u00e1ssal, amit csak tudni kell a hevederz\u00e1rakr\u00f3l azt itt olvashatja. Mabisz min\u0151s\u00edtettet Biztibuk hevederz\u00e1r.\" \/>\n<meta property=\"og:url\" content=\"https:\/\/mabiszhevederzar.hu\/index.php\/hevederzar-arak-es-referenciak\/\" \/>\n<meta property=\"og:site_name\" content=\"Mabisz Hevederz\u00e1r\" \/>\n<meta property=\"article:publisher\" content=\"https:\/\/www.facebook.com\/kinyitom.hu\/\" \/>\n<meta property=\"article:modified_time\" content=\"2025-03-18T21:30:57+00:00\" \/>\n<meta name=\"twitter:card\" content=\"summary_large_image\" \/>\n<script type=\"application\/ld+json\" class=\"yoast-schema-graph\">{\"@context\":\"https:\/\/schema.org\",\"@graph\":[{\"@type\":\"WebPage\",\"@id\":\"https:\/\/mabiszhevederzar.hu\/index.php\/hevederzar-arak-es-referenciak\/\",\"url\":\"https:\/\/mabiszhevederzar.hu\/index.php\/hevederzar-arak-es-referenciak\/\",\"name\":\"Hevederz\u00e1r \u00c1rak \u00e9s Referenci\u00e1k - Mabisz Hevederz\u00e1r - Teljes k\u00f6r\u0171 le\u00edr\u00e1s\",\"isPartOf\":{\"@id\":\"https:\/\/mabiszhevederzar.hu\/#website\"},\"datePublished\":\"2015-04-09T19:30:04+00:00\",\"dateModified\":\"2025-03-18T21:30:57+00:00\",\"description\":\"Hevederz\u00e1r \u00e1rak \u00e9s referenci\u00e1k, teljes k\u00f6r\u0171 le\u00edr\u00e1ssal, amit csak tudni kell a hevederz\u00e1rakr\u00f3l azt itt olvashatja. Mabisz min\u0151s\u00edtettet Biztibuk hevederz\u00e1r.\",\"breadcrumb\":{\"@id\":\"https:\/\/mabiszhevederzar.hu\/index.php\/hevederzar-arak-es-referenciak\/#breadcrumb\"},\"inLanguage\":\"hu\",\"potentialAction\":[{\"@type\":\"ReadAction\",\"target\":[\"https:\/\/mabiszhevederzar.hu\/index.php\/hevederzar-arak-es-referenciak\/\"]}]},{\"@type\":\"BreadcrumbList\",\"@id\":\"https:\/\/mabiszhevederzar.hu\/index.php\/hevederzar-arak-es-referenciak\/#breadcrumb\",\"itemListElement\":[{\"@type\":\"ListItem\",\"position\":1,\"name\":\"Kezd\u0151lap\",\"item\":\"https:\/\/mabiszhevederzar.hu\/\"},{\"@type\":\"ListItem\",\"position\":2,\"name\":\"\u00c1rak \u00e9s Referenci\u00e1k\"}]},{\"@type\":\"WebSite\",\"@id\":\"https:\/\/mabiszhevederzar.hu\/#website\",\"url\":\"https:\/\/mabiszhevederzar.hu\/\",\"name\":\"Mabisz Hevederz\u00e1r\",\"description\":\"Mabisz min\u0151s\u00edt\u00e9s\u0171 hevederz\u00e1r szerel\u00e9s, jav\u00edt\u00e1s, szerviz\",\"potentialAction\":[{\"@type\":\"SearchAction\",\"target\":{\"@type\":\"EntryPoint\",\"urlTemplate\":\"https:\/\/mabiszhevederzar.hu\/?s={search_term_string}\"},\"query-input\":\"required name=search_term_string\"}],\"inLanguage\":\"hu\"}]}<\/script>\n<!-- \/ Yoast SEO plugin. -->","yoast_head_json":{"title":"Hevederz\u00e1r \u00c1rak \u00e9s Referenci\u00e1k - Mabisz Hevederz\u00e1r - Teljes k\u00f6r\u0171 le\u00edr\u00e1s","description":"Hevederz\u00e1r \u00e1rak \u00e9s referenci\u00e1k, teljes k\u00f6r\u0171 le\u00edr\u00e1ssal, amit csak tudni kell a hevederz\u00e1rakr\u00f3l azt itt olvashatja. Mabisz min\u0151s\u00edtettet Biztibuk hevederz\u00e1r.","robots":{"index":"index","follow":"follow","max-snippet":"max-snippet:-1","max-image-preview":"max-image-preview:large","max-video-preview":"max-video-preview:-1"},"canonical":"https:\/\/mabiszhevederzar.hu\/index.php\/hevederzar-arak-es-referenciak\/","og_locale":"hu_HU","og_type":"article","og_title":"Hevederz\u00e1r \u00c1rak \u00e9s Referenci\u00e1k - Mabisz Hevederz\u00e1r - Teljes k\u00f6r\u0171 le\u00edr\u00e1s","og_description":"Hevederz\u00e1r \u00e1rak \u00e9s referenci\u00e1k, teljes k\u00f6r\u0171 le\u00edr\u00e1ssal, amit csak tudni kell a hevederz\u00e1rakr\u00f3l azt itt olvashatja. Mabisz min\u0151s\u00edtettet Biztibuk hevederz\u00e1r.","og_url":"https:\/\/mabiszhevederzar.hu\/index.php\/hevederzar-arak-es-referenciak\/","og_site_name":"Mabisz Hevederz\u00e1r","article_publisher":"https:\/\/www.facebook.com\/kinyitom.hu\/","article_modified_time":"2025-03-18T21:30:57+00:00","twitter_card":"summary_large_image","schema":{"@context":"https:\/\/schema.org","@graph":[{"@type":"WebPage","@id":"https:\/\/mabiszhevederzar.hu\/index.php\/hevederzar-arak-es-referenciak\/","url":"https:\/\/mabiszhevederzar.hu\/index.php\/hevederzar-arak-es-referenciak\/","name":"Hevederz\u00e1r \u00c1rak \u00e9s Referenci\u00e1k - Mabisz Hevederz\u00e1r - Teljes k\u00f6r\u0171 le\u00edr\u00e1s","isPartOf":{"@id":"https:\/\/mabiszhevederzar.hu\/#website"},"datePublished":"2015-04-09T19:30:04+00:00","dateModified":"2025-03-18T21:30:57+00:00","description":"Hevederz\u00e1r \u00e1rak \u00e9s referenci\u00e1k, teljes k\u00f6r\u0171 le\u00edr\u00e1ssal, amit csak tudni kell a hevederz\u00e1rakr\u00f3l azt itt olvashatja. Mabisz min\u0151s\u00edtettet Biztibuk hevederz\u00e1r.","breadcrumb":{"@id":"https:\/\/mabiszhevederzar.hu\/index.php\/hevederzar-arak-es-referenciak\/#breadcrumb"},"inLanguage":"hu","potentialAction":[{"@type":"ReadAction","target":["https:\/\/mabiszhevederzar.hu\/index.php\/hevederzar-arak-es-referenciak\/"]}]},{"@type":"BreadcrumbList","@id":"https:\/\/mabiszhevederzar.hu\/index.php\/hevederzar-arak-es-referenciak\/#breadcrumb","itemListElement":[{"@type":"ListItem","position":1,"name":"Kezd\u0151lap","item":"https:\/\/mabiszhevederzar.hu\/"},{"@type":"ListItem","position":2,"name":"\u00c1rak \u00e9s Referenci\u00e1k"}]},{"@type":"WebSite","@id":"https:\/\/mabiszhevederzar.hu\/#website","url":"https:\/\/mabiszhevederzar.hu\/","name":"Mabisz Hevederz\u00e1r","description":"Mabisz min\u0151s\u00edt\u00e9s\u0171 hevederz\u00e1r szerel\u00e9s, jav\u00edt\u00e1s, szerviz","potentialAction":[{"@type":"SearchAction","target":{"@type":"EntryPoint","urlTemplate":"https:\/\/mabiszhevederzar.hu\/?s={search_term_string}"},"query-input":"required name=search_term_string"}],"inLanguage":"hu"}]}},"_links":{"self":[{"href":"https:\/\/mabiszhevederzar.hu\/index.php\/wp-json\/wp\/v2\/pages\/23"}],"collection":[{"href":"https:\/\/mabiszhevederzar.hu\/index.php\/wp-json\/wp\/v2\/pages"}],"about":[{"href":"https:\/\/mabiszhevederzar.hu\/index.php\/wp-json\/wp\/v2\/types\/page"}],"author":[{"embeddable":true,"href":"https:\/\/mabiszhevederzar.hu\/index.php\/wp-json\/wp\/v2\/users\/1"}],"replies":[{"embeddable":true,"href":"https:\/\/mabiszhevederzar.hu\/index.php\/wp-json\/wp\/v2\/comments?post=23"}],"version-history":[{"count":5,"href":"https:\/\/mabiszhevederzar.hu\/index.php\/wp-json\/wp\/v2\/pages\/23\/revisions"}],"predecessor-version":[{"id":117,"href":"https:\/\/mabiszhevederzar.hu\/index.php\/wp-json\/wp\/v2\/pages\/23\/revisions\/117"}],"wp:attachment":[{"href":"https:\/\/mabiszhevederzar.hu\/index.php\/wp-json\/wp\/v2\/media?parent=23"}],"curies":[{"name":"wp","href":"https:\/\/api.w.org\/{rel}","templated":true}]}}