{"id":136,"date":"2021-01-09T12:41:14","date_gmt":"2021-01-09T12:41:14","guid":{"rendered":"https:\/\/mabiszhevederzar.hu\/?page_id=136"},"modified":"2021-01-09T12:46:14","modified_gmt":"2021-01-09T12:46:14","slug":"sim-kartyas-hevederzar","status":"publish","type":"page","link":"https:\/\/mabiszhevederzar.hu\/index.php\/sim-kartyas-hevederzar\/","title":{"rendered":"SIM K\u00e1rty\u00e1s hevederz\u00e1r"},"content":{"rendered":"","protected":false},"excerpt":{"rendered":"","protected":false},"author":1,"featured_media":0,"parent":0,"menu_order":0,"comment_status":"closed","ping_status":"closed","template":"","meta":[],"yoast_head":"<!-- This site is optimized with the Yoast SEO plugin v19.13 - https:\/\/yoast.com\/wordpress\/plugins\/seo\/ -->\n<title>SIM K\u00e1rty\u00e1s hevederz\u00e1r - Mabisz Hevederz\u00e1r<\/title>\n<meta name=\"robots\" content=\"index, follow, max-snippet:-1, max-image-preview:large, max-video-preview:-1\" \/>\n<link rel=\"canonical\" href=\"https:\/\/mabiszhevederzar.hu\/index.php\/sim-kartyas-hevederzar\/\" \/>\n<meta property=\"og:locale\" content=\"hu_HU\" \/>\n<meta property=\"og:type\" content=\"article\" \/>\n<meta property=\"og:title\" content=\"SIM K\u00e1rty\u00e1s hevederz\u00e1r - Mabisz Hevederz\u00e1r\" \/>\n<meta property=\"og:url\" content=\"https:\/\/mabiszhevederzar.hu\/index.php\/sim-kartyas-hevederzar\/\" \/>\n<meta property=\"og:site_name\" content=\"Mabisz Hevederz\u00e1r\" \/>\n<meta property=\"article:publisher\" content=\"https:\/\/www.facebook.com\/kinyitom.hu\/\" \/>\n<meta property=\"article:modified_time\" content=\"2021-01-09T12:46:14+00:00\" \/>\n<meta name=\"twitter:card\" content=\"summary_large_image\" \/>\n<script type=\"application\/ld+json\" class=\"yoast-schema-graph\">{\"@context\":\"https:\/\/schema.org\",\"@graph\":[{\"@type\":\"WebPage\",\"@id\":\"https:\/\/mabiszhevederzar.hu\/index.php\/sim-kartyas-hevederzar\/\",\"url\":\"https:\/\/mabiszhevederzar.hu\/index.php\/sim-kartyas-hevederzar\/\",\"name\":\"SIM K\u00e1rty\u00e1s hevederz\u00e1r - Mabisz Hevederz\u00e1r\",\"isPartOf\":{\"@id\":\"https:\/\/mabiszhevederzar.hu\/#website\"},\"datePublished\":\"2021-01-09T12:41:14+00:00\",\"dateModified\":\"2021-01-09T12:46:14+00:00\",\"breadcrumb\":{\"@id\":\"https:\/\/mabiszhevederzar.hu\/index.php\/sim-kartyas-hevederzar\/#breadcrumb\"},\"inLanguage\":\"hu\",\"potentialAction\":[{\"@type\":\"ReadAction\",\"target\":[\"https:\/\/mabiszhevederzar.hu\/index.php\/sim-kartyas-hevederzar\/\"]}]},{\"@type\":\"BreadcrumbList\",\"@id\":\"https:\/\/mabiszhevederzar.hu\/index.php\/sim-kartyas-hevederzar\/#breadcrumb\",\"itemListElement\":[{\"@type\":\"ListItem\",\"position\":1,\"name\":\"Kezd\u0151lap\",\"item\":\"https:\/\/mabiszhevederzar.hu\/\"},{\"@type\":\"ListItem\",\"position\":2,\"name\":\"SIM K\u00e1rty\u00e1s hevederz\u00e1r\"}]},{\"@type\":\"WebSite\",\"@id\":\"https:\/\/mabiszhevederzar.hu\/#website\",\"url\":\"https:\/\/mabiszhevederzar.hu\/\",\"name\":\"Mabisz Hevederz\u00e1r\",\"description\":\"Mabisz min\u0151s\u00edt\u00e9s\u0171 hevederz\u00e1r szerel\u00e9s, jav\u00edt\u00e1s, szerviz\",\"potentialAction\":[{\"@type\":\"SearchAction\",\"target\":{\"@type\":\"EntryPoint\",\"urlTemplate\":\"https:\/\/mabiszhevederzar.hu\/?s={search_term_string}\"},\"query-input\":\"required name=search_term_string\"}],\"inLanguage\":\"hu\"}]}<\/script>\n<!-- \/ Yoast SEO plugin. -->","yoast_head_json":{"title":"SIM K\u00e1rty\u00e1s hevederz\u00e1r - Mabisz Hevederz\u00e1r","robots":{"index":"index","follow":"follow","max-snippet":"max-snippet:-1","max-image-preview":"max-image-preview:large","max-video-preview":"max-video-preview:-1"},"canonical":"https:\/\/mabiszhevederzar.hu\/index.php\/sim-kartyas-hevederzar\/","og_locale":"hu_HU","og_type":"article","og_title":"SIM K\u00e1rty\u00e1s hevederz\u00e1r - Mabisz Hevederz\u00e1r","og_url":"https:\/\/mabiszhevederzar.hu\/index.php\/sim-kartyas-hevederzar\/","og_site_name":"Mabisz Hevederz\u00e1r","article_publisher":"https:\/\/www.facebook.com\/kinyitom.hu\/","article_modified_time":"2021-01-09T12:46:14+00:00","twitter_card":"summary_large_image","schema":{"@context":"https:\/\/schema.org","@graph":[{"@type":"WebPage","@id":"https:\/\/mabiszhevederzar.hu\/index.php\/sim-kartyas-hevederzar\/","url":"https:\/\/mabiszhevederzar.hu\/index.php\/sim-kartyas-hevederzar\/","name":"SIM K\u00e1rty\u00e1s hevederz\u00e1r - Mabisz Hevederz\u00e1r","isPartOf":{"@id":"https:\/\/mabiszhevederzar.hu\/#website"},"datePublished":"2021-01-09T12:41:14+00:00","dateModified":"2021-01-09T12:46:14+00:00","breadcrumb":{"@id":"https:\/\/mabiszhevederzar.hu\/index.php\/sim-kartyas-hevederzar\/#breadcrumb"},"inLanguage":"hu","potentialAction":[{"@type":"ReadAction","target":["https:\/\/mabiszhevederzar.hu\/index.php\/sim-kartyas-hevederzar\/"]}]},{"@type":"BreadcrumbList","@id":"https:\/\/mabiszhevederzar.hu\/index.php\/sim-kartyas-hevederzar\/#breadcrumb","itemListElement":[{"@type":"ListItem","position":1,"name":"Kezd\u0151lap","item":"https:\/\/mabiszhevederzar.hu\/"},{"@type":"ListItem","position":2,"name":"SIM K\u00e1rty\u00e1s hevederz\u00e1r"}]},{"@type":"WebSite","@id":"https:\/\/mabiszhevederzar.hu\/#website","url":"https:\/\/mabiszhevederzar.hu\/","name":"Mabisz Hevederz\u00e1r","description":"Mabisz min\u0151s\u00edt\u00e9s\u0171 hevederz\u00e1r szerel\u00e9s, jav\u00edt\u00e1s, szerviz","potentialAction":[{"@type":"SearchAction","target":{"@type":"EntryPoint","urlTemplate":"https:\/\/mabiszhevederzar.hu\/?s={search_term_string}"},"query-input":"required name=search_term_string"}],"inLanguage":"hu"}]}},"_links":{"self":[{"href":"https:\/\/mabiszhevederzar.hu\/index.php\/wp-json\/wp\/v2\/pages\/136"}],"collection":[{"href":"https:\/\/mabiszhevederzar.hu\/index.php\/wp-json\/wp\/v2\/pages"}],"about":[{"href":"https:\/\/mabiszhevederzar.hu\/index.php\/wp-json\/wp\/v2\/types\/page"}],"author":[{"embeddable":true,"href":"https:\/\/mabiszhevederzar.hu\/index.php\/wp-json\/wp\/v2\/users\/1"}],"replies":[{"embeddable":true,"href":"https:\/\/mabiszhevederzar.hu\/index.php\/wp-json\/wp\/v2\/comments?post=136"}],"version-history":[{"count":3,"href":"https:\/\/mabiszhevederzar.hu\/index.php\/wp-json\/wp\/v2\/pages\/136\/revisions"}],"predecessor-version":[{"id":139,"href":"https:\/\/mabiszhevederzar.hu\/index.php\/wp-json\/wp\/v2\/pages\/136\/revisions\/139"}],"wp:attachment":[{"href":"https:\/\/mabiszhevederzar.hu\/index.php\/wp-json\/wp\/v2\/media?parent=136"}],"curies":[{"name":"wp","href":"https:\/\/api.w.org\/{rel}","templated":true}]}}